{"id":1196,"date":"2023-01-19T12:20:21","date_gmt":"2023-01-19T10:20:21","guid":{"rendered":"https:\/\/insiteporvoo.com\/?page_id=1196"},"modified":"2023-03-30T21:39:06","modified_gmt":"2023-03-30T18:39:06","slug":"ota-yhteytta","status":"publish","type":"page","link":"https:\/\/insiteporvoo.com\/sv\/ota-yhteytta\/","title":{"rendered":"Ta Kontakt"},"content":{"rendered":"<div data-elementor-type=\"wp-page\" data-elementor-id=\"1196\" class=\"elementor elementor-1196\">\n\t\t\t\t<section class=\"elementor-element elementor-element-a3388e2 e-flex e-con-boxed wpr-particle-no wpr-jarallax-no wpr-parallax-no wpr-sticky-section-no e-con e-parent\" data-id=\"a3388e2\" data-element_type=\"container\" data-settings=\"{&quot;background_background&quot;:&quot;classic&quot;}\">\n\t\t\t\t\t<div class=\"e-con-inner\">\n\t\t<div class=\"elementor-element elementor-element-452223b e-con-full e-flex wpr-particle-no wpr-jarallax-no wpr-parallax-no wpr-sticky-section-no e-con e-parent\" data-id=\"452223b\" data-element_type=\"container\">\n\t\t\t\t<div class=\"elementor-element elementor-element-2328818 elementor-widget elementor-widget-heading\" data-id=\"2328818\" data-element_type=\"widget\" data-widget_type=\"heading.default\">\n\t\t\t\t<div class=\"elementor-widget-container\">\n\t\t\t\t\t<h1 class=\"elementor-heading-title elementor-size-default\">Ta kontakt<\/h1>\t\t\t\t<\/div>\n\t\t\t\t<\/div>\n\t\t\t\t<div class=\"elementor-element elementor-element-3a07b6b elementor-widget elementor-widget-heading\" data-id=\"3a07b6b\" data-element_type=\"widget\" data-widget_type=\"heading.default\">\n\t\t\t\t<div class=\"elementor-widget-container\">\n\t\t\t\t\t<h2 class=\"elementor-heading-title elementor-size-small\">Vi svarar  p\u00e5 epost inom 24h och i telefonen kl 8-22<br>\nVi pratar: svenska, finska och engelska<\/h2>\t\t\t\t<\/div>\n\t\t\t\t<\/div>\n\t\t<div class=\"elementor-element elementor-element-9047d85 elementor-hidden-tablet elementor-hidden-mobile e-flex e-con-boxed wpr-particle-no wpr-jarallax-no wpr-parallax-no wpr-sticky-section-no e-con e-parent\" data-id=\"9047d85\" data-element_type=\"container\">\n\t\t\t\t\t<div class=\"e-con-inner\">\n\t\t\t\t<div class=\"elementor-element elementor-element-6e0c554 elementor-mobile-align-justify elementor-widget__width-initial elementor-widget-mobile__width-initial elementor-align-center elementor-invisible elementor-widget elementor-widget-button\" data-id=\"6e0c554\" data-element_type=\"widget\" data-settings=\"{&quot;_animation&quot;:&quot;slideInRight&quot;}\" data-widget_type=\"button.default\">\n\t\t\t\t<div class=\"elementor-widget-container\">\n\t\t\t\t\t\t\t\t\t<div class=\"elementor-button-wrapper\">\n\t\t\t\t\t<a class=\"elementor-button elementor-button-link elementor-size-md elementor-animation-bob\" href=\"tel:0418091216\">\n\t\t\t\t\t\t<span class=\"elementor-button-content-wrapper\">\n\t\t\t\t\t\t<span class=\"elementor-button-icon\">\n\t\t\t\t<i aria-hidden=\"true\" class=\"fas fa-phone-alt\"><\/i>\t\t\t<\/span>\n\t\t\t\t\t\t\t\t\t<span class=\"elementor-button-text\">ring<\/span>\n\t\t\t\t\t<\/span>\n\t\t\t\t\t<\/a>\n\t\t\t\t<\/div>\n\t\t\t\t\t\t\t\t<\/div>\n\t\t\t\t<\/div>\n\t\t\t\t<div class=\"elementor-element elementor-element-55778bd elementor-mobile-align-justify elementor-widget__width-initial elementor-widget-mobile__width-initial elementor-align-center elementor-invisible elementor-widget elementor-widget-button\" data-id=\"55778bd\" data-element_type=\"widget\" data-settings=\"{&quot;_animation&quot;:&quot;slideInRight&quot;}\" data-widget_type=\"button.default\">\n\t\t\t\t<div class=\"elementor-widget-container\">\n\t\t\t\t\t\t\t\t\t<div class=\"elementor-button-wrapper\">\n\t\t\t\t\t<a class=\"elementor-button elementor-button-link elementor-size-md elementor-animation-bob\" href=\"mailto:albert@insiteporvoo.com\">\n\t\t\t\t\t\t<span class=\"elementor-button-content-wrapper\">\n\t\t\t\t\t\t<span class=\"elementor-button-icon\">\n\t\t\t\t<i aria-hidden=\"true\" class=\"fas fa-envelope\"><\/i>\t\t\t<\/span>\n\t\t\t\t\t\t\t\t\t<span class=\"elementor-button-text\">l\u00e4het\u00e4 s\u00e4hk\u00f6posti<\/span>\n\t\t\t\t\t<\/span>\n\t\t\t\t\t<\/a>\n\t\t\t\t<\/div>\n\t\t\t\t\t\t\t\t<\/div>\n\t\t\t\t<\/div>\n\t\t\t\t\t<\/div>\n\t\t\t\t<\/div>\n\t\t\t\t<div class=\"elementor-element elementor-element-066b25f elementor-mobile-align-justify elementor-widget__width-initial elementor-widget-mobile__width-auto elementor-align-center elementor-hidden-desktop elementor-invisible elementor-widget elementor-widget-button\" data-id=\"066b25f\" data-element_type=\"widget\" data-settings=\"{&quot;_animation&quot;:&quot;slideInRight&quot;}\" data-widget_type=\"button.default\">\n\t\t\t\t<div class=\"elementor-widget-container\">\n\t\t\t\t\t\t\t\t\t<div class=\"elementor-button-wrapper\">\n\t\t\t\t\t<a class=\"elementor-button elementor-button-link elementor-size-md elementor-animation-bob\" href=\"tel:0418091216\">\n\t\t\t\t\t\t<span class=\"elementor-button-content-wrapper\">\n\t\t\t\t\t\t<span class=\"elementor-button-icon\">\n\t\t\t\t<i aria-hidden=\"true\" class=\"fas fa-phone-alt\"><\/i>\t\t\t<\/span>\n\t\t\t\t\t\t\t\t\t<span class=\"elementor-button-text\">soita<\/span>\n\t\t\t\t\t<\/span>\n\t\t\t\t\t<\/a>\n\t\t\t\t<\/div>\n\t\t\t\t\t\t\t\t<\/div>\n\t\t\t\t<\/div>\n\t\t\t\t<div class=\"elementor-element elementor-element-e1cffb6 elementor-mobile-align-justify elementor-widget__width-initial elementor-widget-mobile__width-auto elementor-align-center elementor-hidden-desktop elementor-invisible elementor-widget elementor-widget-button\" data-id=\"e1cffb6\" data-element_type=\"widget\" data-settings=\"{&quot;_animation&quot;:&quot;slideInRight&quot;}\" data-widget_type=\"button.default\">\n\t\t\t\t<div class=\"elementor-widget-container\">\n\t\t\t\t\t\t\t\t\t<div class=\"elementor-button-wrapper\">\n\t\t\t\t\t<a class=\"elementor-button elementor-button-link elementor-size-md elementor-animation-bob\" href=\"mailto:isakssonabbe@gmail.com\">\n\t\t\t\t\t\t<span class=\"elementor-button-content-wrapper\">\n\t\t\t\t\t\t<span class=\"elementor-button-icon\">\n\t\t\t\t<i aria-hidden=\"true\" class=\"fas fa-envelope\"><\/i>\t\t\t<\/span>\n\t\t\t\t\t\t\t\t\t<span class=\"elementor-button-text\">l\u00e4het\u00e4 s\u00e4hk\u00f6posti<\/span>\n\t\t\t\t\t<\/span>\n\t\t\t\t\t<\/a>\n\t\t\t\t<\/div>\n\t\t\t\t\t\t\t\t<\/div>\n\t\t\t\t<\/div>\n\t\t\t\t<\/div>\n\t\t<div class=\"elementor-element elementor-element-8e97ecc e-flex e-con-boxed wpr-particle-no wpr-jarallax-no wpr-parallax-no wpr-sticky-section-no e-con e-parent\" data-id=\"8e97ecc\" data-element_type=\"container\">\n\t\t\t\t\t<div class=\"e-con-inner\">\n\t\t\t\t<div class=\"elementor-element elementor-element-668ca4e elementor-widget elementor-widget-image\" data-id=\"668ca4e\" data-element_type=\"widget\" data-widget_type=\"image.default\">\n\t\t\t\t<div class=\"elementor-widget-container\">\n\t\t\t\t\t\t\t\t\t\t\t\t\t\t\t<img fetchpriority=\"high\" decoding=\"async\" width=\"800\" height=\"659\" src=\"https:\/\/insiteporvoo.com\/wp-content\/uploads\/2023\/01\/contact-us-1024x844.png\" class=\"attachment-large size-large wp-image-1216\" alt=\"\" srcset=\"https:\/\/insiteporvoo.com\/wp-content\/uploads\/2023\/01\/contact-us-1024x844.png 1024w, https:\/\/insiteporvoo.com\/wp-content\/uploads\/2023\/01\/contact-us-300x247.png 300w, https:\/\/insiteporvoo.com\/wp-content\/uploads\/2023\/01\/contact-us-768x633.png 768w, https:\/\/insiteporvoo.com\/wp-content\/uploads\/2023\/01\/contact-us-1536x1267.png 1536w, https:\/\/insiteporvoo.com\/wp-content\/uploads\/2023\/01\/contact-us.png 1625w\" sizes=\"(max-width: 800px) 100vw, 800px\" \/>\t\t\t\t\t\t\t\t\t\t\t\t\t\t\t<\/div>\n\t\t\t\t<\/div>\n\t\t\t\t\t<\/div>\n\t\t\t\t<\/div>\n\t\t<div class=\"elementor-element elementor-element-a646e4f elementor-hidden-desktop elementor-hidden-tablet elementor-hidden-mobile e-flex e-con-boxed wpr-particle-no wpr-jarallax-no wpr-parallax-no wpr-sticky-section-no e-con e-parent\" data-id=\"a646e4f\" data-element_type=\"container\" data-settings=\"{&quot;position&quot;:&quot;absolute&quot;}\">\n\t\t\t\t\t<div class=\"e-con-inner\">\n\t\t\t\t<div class=\"elementor-element elementor-element-41a597c elementor-widget elementor-widget-image\" data-id=\"41a597c\" data-element_type=\"widget\" data-widget_type=\"image.default\">\n\t\t\t\t<div class=\"elementor-widget-container\">\n\t\t\t\t\t\t\t\t\t\t\t\t\t\t\t<img fetchpriority=\"high\" decoding=\"async\" width=\"800\" height=\"659\" src=\"https:\/\/insiteporvoo.com\/wp-content\/uploads\/2023\/01\/contact-us-1024x844.png\" class=\"attachment-large size-large wp-image-1216\" alt=\"\" srcset=\"https:\/\/insiteporvoo.com\/wp-content\/uploads\/2023\/01\/contact-us-1024x844.png 1024w, https:\/\/insiteporvoo.com\/wp-content\/uploads\/2023\/01\/contact-us-300x247.png 300w, https:\/\/insiteporvoo.com\/wp-content\/uploads\/2023\/01\/contact-us-768x633.png 768w, https:\/\/insiteporvoo.com\/wp-content\/uploads\/2023\/01\/contact-us-1536x1267.png 1536w, https:\/\/insiteporvoo.com\/wp-content\/uploads\/2023\/01\/contact-us.png 1625w\" sizes=\"(max-width: 800px) 100vw, 800px\" \/>\t\t\t\t\t\t\t\t\t\t\t\t\t\t\t<\/div>\n\t\t\t\t<\/div>\n\t\t\t\t\t<\/div>\n\t\t\t\t<\/div>\n\t\t\t\t\t<\/div>\n\t\t\t\t<\/section>\n\t\t<div class=\"elementor-element elementor-element-de2047c e-con-full e-flex wpr-particle-no wpr-jarallax-no wpr-parallax-no wpr-sticky-section-no e-con e-parent\" data-id=\"de2047c\" data-element_type=\"container\">\n\t\t<div class=\"elementor-element elementor-element-b26f62d e-con-full e-flex wpr-particle-no wpr-jarallax-no wpr-parallax-no wpr-sticky-section-no elementor-invisible e-con e-parent\" data-id=\"b26f62d\" data-element_type=\"container\" data-settings=\"{&quot;background_background&quot;:&quot;classic&quot;,&quot;animation&quot;:&quot;fadeInUp&quot;}\">\n\t\t\t\t<div class=\"elementor-element elementor-element-0b30c8f elementor-widget elementor-widget-heading\" data-id=\"0b30c8f\" data-element_type=\"widget\" data-widget_type=\"heading.default\">\n\t\t\t\t<div class=\"elementor-widget-container\">\n\t\t\t\t\t<h2 class=\"elementor-heading-title elementor-size-default\">skicka epost<\/h2>\t\t\t\t<\/div>\n\t\t\t\t<\/div>\n\t\t\t\t<div class=\"elementor-element elementor-element-49181fe elementor-button-align-stretch elementor-widget elementor-widget-form\" data-id=\"49181fe\" data-element_type=\"widget\" data-settings=\"{&quot;step_next_label&quot;:&quot;Next&quot;,&quot;step_previous_label&quot;:&quot;Previous&quot;,&quot;button_width&quot;:&quot;100&quot;,&quot;step_type&quot;:&quot;number_text&quot;,&quot;step_icon_shape&quot;:&quot;circle&quot;}\" data-widget_type=\"form.default\">\n\t\t\t\t<div class=\"elementor-widget-container\">\n\t\t\t\t\t\t\t<form class=\"elementor-form\" method=\"post\" name=\"New Form\" action=\"\">\n\t\t\t<input type=\"hidden\" name=\"post_id\" value=\"1196\"\/>\n\t\t\t<input type=\"hidden\" name=\"form_id\" value=\"49181fe\"\/>\n\t\t\t<input type=\"hidden\" name=\"referer_title\" value=\"Insite Porvoo\" \/>\n\n\t\t\t\n\t\t\t<div class=\"elementor-form-fields-wrapper elementor-labels-\">\n\t\t\t\t\t\t\t\t<div class=\"elementor-field-type-text elementor-field-group elementor-column elementor-field-group-name elementor-col-50\">\n\t\t\t\t\t\t\t\t\t\t\t\t<label for=\"form-field-name\" class=\"elementor-field-label elementor-screen-only\">\n\t\t\t\t\t\t\t\tName\t\t\t\t\t\t\t<\/label>\n\t\t\t\t\t\t\t\t\t\t\t\t\t\t<input size=\"1\" type=\"text\" name=\"form_fields[name]\" id=\"form-field-name\" class=\"elementor-field elementor-size-md  elementor-field-textual\" placeholder=\"Namn\">\n\t\t\t\t\t\t\t\t\t\t\t<\/div>\n\t\t\t\t\t\t\t\t<div class=\"elementor-field-type-text elementor-field-group elementor-column elementor-field-group-field_1 elementor-col-50\">\n\t\t\t\t\t\t\t\t\t\t\t\t<label for=\"form-field-field_1\" class=\"elementor-field-label elementor-screen-only\">\n\t\t\t\t\t\t\t\tCompany\t\t\t\t\t\t\t<\/label>\n\t\t\t\t\t\t\t\t\t\t\t\t\t\t<input size=\"1\" type=\"text\" name=\"form_fields[field_1]\" id=\"form-field-field_1\" class=\"elementor-field elementor-size-md  elementor-field-textual\" placeholder=\"F\u00f6retag (frivillig)\">\n\t\t\t\t\t\t\t\t\t\t\t<\/div>\n\t\t\t\t\t\t\t\t<div class=\"elementor-field-type-email elementor-field-group elementor-column elementor-field-group-email elementor-col-100 elementor-field-required\">\n\t\t\t\t\t\t\t\t\t\t\t\t<label for=\"form-field-email\" class=\"elementor-field-label elementor-screen-only\">\n\t\t\t\t\t\t\t\tEmail\t\t\t\t\t\t\t<\/label>\n\t\t\t\t\t\t\t\t\t\t\t\t\t\t<input size=\"1\" type=\"email\" name=\"form_fields[email]\" id=\"form-field-email\" class=\"elementor-field elementor-size-md  elementor-field-textual\" placeholder=\"Epost\" required=\"required\" aria-required=\"true\">\n\t\t\t\t\t\t\t\t\t\t\t<\/div>\n\t\t\t\t\t\t\t\t<div class=\"elementor-field-type-textarea elementor-field-group elementor-column elementor-field-group-message elementor-col-100\">\n\t\t\t\t\t\t\t\t\t\t\t\t<label for=\"form-field-message\" class=\"elementor-field-label elementor-screen-only\">\n\t\t\t\t\t\t\t\tMessage\t\t\t\t\t\t\t<\/label>\n\t\t\t\t\t\t<textarea class=\"elementor-field-textual elementor-field  elementor-size-md\" name=\"form_fields[message]\" id=\"form-field-message\" rows=\"4\" placeholder=\"Meddelande\"><\/textarea>\t\t\t\t<\/div>\n\t\t\t\t\t\t\t\t<div class=\"elementor-field-group elementor-column elementor-field-type-submit elementor-col-100 e-form__buttons\">\n\t\t\t\t\t<button type=\"submit\" class=\"elementor-button elementor-size-md\">\n\t\t\t\t\t\t<span >\n\t\t\t\t\t\t\t\t\t\t\t\t\t\t\t<span class=\"elementor-button-icon\">\n\t\t\t\t\t\t\t\t\t\t\t\t\t\t\t\t\t\t\t\t\t\t\t\t\t\t<\/span>\n\t\t\t\t\t\t\t\t\t\t\t\t\t\t\t\t\t\t\t\t\t\t<span class=\"elementor-button-text\">Skicka<\/span>\n\t\t\t\t\t\t\t\t\t\t\t\t\t<\/span>\n\t\t\t\t\t<\/button>\n\t\t\t\t<\/div>\n\t\t\t<\/div>\n\t\t<input type=\"hidden\" name=\"trp-form-language\" value=\"sv\"\/><\/form>\n\t\t\t\t\t\t<\/div>\n\t\t\t\t<\/div>\n\t\t\t\t<\/div>\n\t\t\t\t<\/div>\n\t\t\t\t<\/div>","protected":false},"excerpt":{"rendered":"<p>Ota yhteytt\u00e4 Vastaamme s\u00e4hk\u00f6posteihin 24 tunnin sis\u00e4ll\u00e4 ja puhelimitse klo 8-22 puhumme: ruotsia, suomea ja englantia Soita l\u00e4het\u00e4 s\u00e4hk\u00f6posti soita l\u00e4het\u00e4 s\u00e4hk\u00f6posti L\u00e4het\u00e4 s\u00e4hk\u00f6posti<\/p>","protected":false},"author":1,"featured_media":0,"parent":0,"menu_order":0,"comment_status":"closed","ping_status":"closed","template":"elementor_header_footer","meta":{"inline_featured_image":false,"footnotes":""},"class_list":["post-1196","page","type-page","status-publish","hentry"],"yoast_head":"<!-- This site is optimized with the Yoast SEO plugin v26.3 - https:\/\/yoast.com\/wordpress\/plugins\/seo\/ -->\n<title>ota yhteytt\u00e4 - Insite Porvoo<\/title>\n<meta name=\"description\" content=\"Vastaamme s\u00e4hk\u00f6posteihin 24 tunnin sis\u00e4ll\u00e4 ja puhelimitse klo 8-22. Puhumme: ruotsia, suomea ja englantia.\" \/>\n<meta name=\"robots\" content=\"index, follow, max-snippet:-1, max-image-preview:large, max-video-preview:-1\" \/>\n<link rel=\"canonical\" href=\"https:\/\/insiteporvoo.com\/sv\/ota-yhteytta\/\" \/>\n<meta property=\"og:locale\" content=\"sv_SE\" \/>\n<meta property=\"og:type\" content=\"article\" \/>\n<meta property=\"og:title\" content=\"ota yhteytt\u00e4 - Insite Porvoo\" \/>\n<meta property=\"og:description\" content=\"Vastaamme s\u00e4hk\u00f6posteihin 24 tunnin sis\u00e4ll\u00e4 ja puhelimitse klo 8-22. Puhumme: ruotsia, suomea ja englantia.\" \/>\n<meta property=\"og:url\" content=\"https:\/\/insiteporvoo.com\/sv\/ota-yhteytta\/\" \/>\n<meta property=\"og:site_name\" content=\"Insite Porvoo\" \/>\n<meta property=\"article:modified_time\" content=\"2023-03-30T18:39:06+00:00\" \/>\n<meta property=\"og:image\" content=\"https:\/\/insiteporvoo.com\/wp-content\/uploads\/2023\/01\/contact-us-1024x844.png\" \/>\n<meta name=\"twitter:card\" content=\"summary_large_image\" \/>\n<meta name=\"twitter:label1\" content=\"Ber\u00e4knad l\u00e4stid\" \/>\n\t<meta name=\"twitter:data1\" content=\"1 minut\" \/>\n<script type=\"application\/ld+json\" class=\"yoast-schema-graph\">{\"@context\":\"https:\/\/schema.org\",\"@graph\":[{\"@type\":\"WebPage\",\"@id\":\"https:\/\/insiteporvoo.com\/ota-yhteytta\/\",\"url\":\"https:\/\/insiteporvoo.com\/ota-yhteytta\/\",\"name\":\"ota yhteytt\u00e4 - Insite Porvoo\",\"isPartOf\":{\"@id\":\"https:\/\/insiteporvoo.com\/#website\"},\"primaryImageOfPage\":{\"@id\":\"https:\/\/insiteporvoo.com\/ota-yhteytta\/#primaryimage\"},\"image\":{\"@id\":\"https:\/\/insiteporvoo.com\/ota-yhteytta\/#primaryimage\"},\"thumbnailUrl\":\"https:\/\/insiteporvoo.com\/wp-content\/uploads\/2023\/01\/contact-us-1024x844.png\",\"datePublished\":\"2023-01-19T10:20:21+00:00\",\"dateModified\":\"2023-03-30T18:39:06+00:00\",\"description\":\"Vastaamme s\u00e4hk\u00f6posteihin 24 tunnin sis\u00e4ll\u00e4 ja puhelimitse klo 8-22. Puhumme: ruotsia, suomea ja englantia.\",\"breadcrumb\":{\"@id\":\"https:\/\/insiteporvoo.com\/ota-yhteytta\/#breadcrumb\"},\"inLanguage\":\"sv-SE\",\"potentialAction\":[{\"@type\":\"ReadAction\",\"target\":[\"https:\/\/insiteporvoo.com\/ota-yhteytta\/\"]}]},{\"@type\":\"ImageObject\",\"inLanguage\":\"sv-SE\",\"@id\":\"https:\/\/insiteporvoo.com\/ota-yhteytta\/#primaryimage\",\"url\":\"https:\/\/insiteporvoo.com\/wp-content\/uploads\/2023\/01\/contact-us-1024x844.png\",\"contentUrl\":\"https:\/\/insiteporvoo.com\/wp-content\/uploads\/2023\/01\/contact-us-1024x844.png\"},{\"@type\":\"BreadcrumbList\",\"@id\":\"https:\/\/insiteporvoo.com\/ota-yhteytta\/#breadcrumb\",\"itemListElement\":[{\"@type\":\"ListItem\",\"position\":1,\"name\":\"Home\",\"item\":\"https:\/\/insiteporvoo.com\/\"},{\"@type\":\"ListItem\",\"position\":2,\"name\":\"ota yhteytt\u00e4\"}]},{\"@type\":\"WebSite\",\"@id\":\"https:\/\/insiteporvoo.com\/#website\",\"url\":\"https:\/\/insiteporvoo.com\/\",\"name\":\"Insite Porvoo\",\"description\":\"Kotisivut yrityksille\",\"publisher\":{\"@id\":\"https:\/\/insiteporvoo.com\/#organization\"},\"potentialAction\":[{\"@type\":\"SearchAction\",\"target\":{\"@type\":\"EntryPoint\",\"urlTemplate\":\"https:\/\/insiteporvoo.com\/?s={search_term_string}\"},\"query-input\":{\"@type\":\"PropertyValueSpecification\",\"valueRequired\":true,\"valueName\":\"search_term_string\"}}],\"inLanguage\":\"sv-SE\"},{\"@type\":\"Organization\",\"@id\":\"https:\/\/insiteporvoo.com\/#organization\",\"name\":\"Insite Porvoo\",\"url\":\"https:\/\/insiteporvoo.com\/\",\"logo\":{\"@type\":\"ImageObject\",\"inLanguage\":\"sv-SE\",\"@id\":\"https:\/\/insiteporvoo.com\/#\/schema\/logo\/image\/\",\"url\":\"https:\/\/insiteporvoo.com\/wp-content\/uploads\/2023\/01\/logo-svart.png\",\"contentUrl\":\"https:\/\/insiteporvoo.com\/wp-content\/uploads\/2023\/01\/logo-svart.png\",\"width\":845,\"height\":377,\"caption\":\"Insite Porvoo\"},\"image\":{\"@id\":\"https:\/\/insiteporvoo.com\/#\/schema\/logo\/image\/\"}}]}<\/script>\n<!-- \/ Yoast SEO plugin. -->","yoast_head_json":{"title":"ota yhteytt\u00e4 - Insite Porvoo","description":"Vastaamme s\u00e4hk\u00f6posteihin 24 tunnin sis\u00e4ll\u00e4 ja puhelimitse klo 8-22. Puhumme: ruotsia, suomea ja englantia.","robots":{"index":"index","follow":"follow","max-snippet":"max-snippet:-1","max-image-preview":"max-image-preview:large","max-video-preview":"max-video-preview:-1"},"canonical":"https:\/\/insiteporvoo.com\/sv\/ota-yhteytta\/","og_locale":"sv_SE","og_type":"article","og_title":"ota yhteytt\u00e4 - Insite Porvoo","og_description":"Vastaamme s\u00e4hk\u00f6posteihin 24 tunnin sis\u00e4ll\u00e4 ja puhelimitse klo 8-22. Puhumme: ruotsia, suomea ja englantia.","og_url":"https:\/\/insiteporvoo.com\/sv\/ota-yhteytta\/","og_site_name":"Insite Porvoo","article_modified_time":"2023-03-30T18:39:06+00:00","og_image":[{"url":"https:\/\/insiteporvoo.com\/wp-content\/uploads\/2023\/01\/contact-us-1024x844.png","type":"","width":"","height":""}],"twitter_card":"summary_large_image","twitter_misc":{"Ber\u00e4knad l\u00e4stid":"1 minut"},"schema":{"@context":"https:\/\/schema.org","@graph":[{"@type":"WebPage","@id":"https:\/\/insiteporvoo.com\/ota-yhteytta\/","url":"https:\/\/insiteporvoo.com\/ota-yhteytta\/","name":"ota yhteytt\u00e4 - Insite Porvoo","isPartOf":{"@id":"https:\/\/insiteporvoo.com\/#website"},"primaryImageOfPage":{"@id":"https:\/\/insiteporvoo.com\/ota-yhteytta\/#primaryimage"},"image":{"@id":"https:\/\/insiteporvoo.com\/ota-yhteytta\/#primaryimage"},"thumbnailUrl":"https:\/\/insiteporvoo.com\/wp-content\/uploads\/2023\/01\/contact-us-1024x844.png","datePublished":"2023-01-19T10:20:21+00:00","dateModified":"2023-03-30T18:39:06+00:00","description":"Vastaamme s\u00e4hk\u00f6posteihin 24 tunnin sis\u00e4ll\u00e4 ja puhelimitse klo 8-22. Puhumme: ruotsia, suomea ja englantia.","breadcrumb":{"@id":"https:\/\/insiteporvoo.com\/ota-yhteytta\/#breadcrumb"},"inLanguage":"sv-SE","potentialAction":[{"@type":"ReadAction","target":["https:\/\/insiteporvoo.com\/ota-yhteytta\/"]}]},{"@type":"ImageObject","inLanguage":"sv-SE","@id":"https:\/\/insiteporvoo.com\/ota-yhteytta\/#primaryimage","url":"https:\/\/insiteporvoo.com\/wp-content\/uploads\/2023\/01\/contact-us-1024x844.png","contentUrl":"https:\/\/insiteporvoo.com\/wp-content\/uploads\/2023\/01\/contact-us-1024x844.png"},{"@type":"BreadcrumbList","@id":"https:\/\/insiteporvoo.com\/ota-yhteytta\/#breadcrumb","itemListElement":[{"@type":"ListItem","position":1,"name":"Home","item":"https:\/\/insiteporvoo.com\/"},{"@type":"ListItem","position":2,"name":"ota yhteytt\u00e4"}]},{"@type":"WebSite","@id":"https:\/\/insiteporvoo.com\/#website","url":"https:\/\/insiteporvoo.com\/","name":"Insite Porvoo","description":"Kotisivut yrityksille","publisher":{"@id":"https:\/\/insiteporvoo.com\/#organization"},"potentialAction":[{"@type":"SearchAction","target":{"@type":"EntryPoint","urlTemplate":"https:\/\/insiteporvoo.com\/?s={search_term_string}"},"query-input":{"@type":"PropertyValueSpecification","valueRequired":true,"valueName":"search_term_string"}}],"inLanguage":"sv-SE"},{"@type":"Organization","@id":"https:\/\/insiteporvoo.com\/#organization","name":"Insite Porvoo","url":"https:\/\/insiteporvoo.com\/","logo":{"@type":"ImageObject","inLanguage":"sv-SE","@id":"https:\/\/insiteporvoo.com\/#\/schema\/logo\/image\/","url":"https:\/\/insiteporvoo.com\/wp-content\/uploads\/2023\/01\/logo-svart.png","contentUrl":"https:\/\/insiteporvoo.com\/wp-content\/uploads\/2023\/01\/logo-svart.png","width":845,"height":377,"caption":"Insite Porvoo"},"image":{"@id":"https:\/\/insiteporvoo.com\/#\/schema\/logo\/image\/"}}]}},"_links":{"self":[{"href":"https:\/\/insiteporvoo.com\/sv\/wp-json\/wp\/v2\/pages\/1196","targetHints":{"allow":["GET"]}}],"collection":[{"href":"https:\/\/insiteporvoo.com\/sv\/wp-json\/wp\/v2\/pages"}],"about":[{"href":"https:\/\/insiteporvoo.com\/sv\/wp-json\/wp\/v2\/types\/page"}],"author":[{"embeddable":true,"href":"https:\/\/insiteporvoo.com\/sv\/wp-json\/wp\/v2\/users\/1"}],"replies":[{"embeddable":true,"href":"https:\/\/insiteporvoo.com\/sv\/wp-json\/wp\/v2\/comments?post=1196"}],"version-history":[{"count":195,"href":"https:\/\/insiteporvoo.com\/sv\/wp-json\/wp\/v2\/pages\/1196\/revisions"}],"predecessor-version":[{"id":2695,"href":"https:\/\/insiteporvoo.com\/sv\/wp-json\/wp\/v2\/pages\/1196\/revisions\/2695"}],"wp:attachment":[{"href":"https:\/\/insiteporvoo.com\/sv\/wp-json\/wp\/v2\/media?parent=1196"}],"curies":[{"name":"wp","href":"https:\/\/api.w.org\/{rel}","templated":true}]}}